{"id":1299,"date":"2023-07-06T16:10:25","date_gmt":"2023-07-06T16:10:25","guid":{"rendered":"http:\/\/starkom.si\/razvojno_okolje\/?page_id=1299"},"modified":"2025-04-18T19:40:11","modified_gmt":"2025-04-18T19:40:11","slug":"impressum","status":"publish","type":"page","link":"https:\/\/starkom.si\/razvojno_okolje\/sl\/impressum\/","title":{"rendered":"Impressum"},"content":{"rendered":"\t\t<div data-elementor-type=\"wp-page\" data-elementor-id=\"1299\" class=\"elementor elementor-1299\" data-elementor-post-type=\"page\">\n\t\t\t\t<div class=\"elementor-element elementor-element-daabfd8 e-flex e-con-boxed e-con e-parent\" data-id=\"daabfd8\" data-element_type=\"container\" data-e-type=\"container\" data-settings=\"{&quot;background_background&quot;:&quot;classic&quot;}\">\n\t\t\t\t\t<div class=\"e-con-inner\">\n\t\t\t\t<div class=\"elementor-element elementor-element-fa70c45 elementor-widget elementor-widget-heading\" data-id=\"fa70c45\" data-element_type=\"widget\" data-e-type=\"widget\" data-widget_type=\"heading.default\">\n\t\t\t\t<div class=\"elementor-widget-container\">\n\t\t\t\t\t<h2 class=\"elementor-heading-title elementor-size-default\">Impressum<\/h2>\t\t\t\t<\/div>\n\t\t\t\t<\/div>\n\t\t\t\t<div class=\"elementor-element elementor-element-a65331b elementor-widget elementor-widget-text-editor\" data-id=\"a65331b\" data-element_type=\"widget\" data-e-type=\"widget\" data-widget_type=\"text-editor.default\">\n\t\t\t\t<div class=\"elementor-widget-container\">\n\t\t\t\t\t\t\t\t\t<p>STARKOM proizvodnja in trgovina d.o.o.<br \/>Cesta k Tamu 18<br \/>2000 Maribor<br \/>Slovenija<\/p><p>Dav\u010dna \u0161tevilka: SI27480534<br \/>Mati\u010dna \u0161tevilka: 2106914000<\/p><p>Telefon: +386 2 460 17 31<br \/>Faks: +386 2 460 17 37<\/p><p><a href=\"mailto:info-starkom@mercedes-benz.com\">info-starkom@mercedes-benz.com<\/a><\/p><p>Ki ga zastopata direktorja: <br \/>Volker Neuhaus (CEO) in J\u00fcrgen-Michael Weiss (CFO)<br \/>Registracija: Okro\u017eno sodi\u0161\u010de v Mariboru pod vl. \u0161tevilka 1\/12496\/00; mati\u010dna \u0161tevilka 2106914, \u0161ifra dejavnosti 29320<\/p>\t\t\t\t\t\t\t\t<\/div>\n\t\t\t\t<\/div>\n\t\t\t\t\t<\/div>\n\t\t\t\t<\/div>\n\t\t\t\t<\/div>\n\t\t","protected":false},"excerpt":{"rendered":"<p>Impressum STARKOM proizvodnja in trgovina d.o.o. Cesta k Tamu 18 2000 Maribor Slovenija Dav\u010dna \u0161tevilka: SI27480534 Mati\u010dna \u0161tevilka: 2106914000 Telefon: +386 2 460 17 31 Faks: +386 2 460 17 37 info-starkom@mercedes-benz.com Ki ga zastopata direktorja: Volker Neuhaus (CEO) in J\u00fcrgen-Michael Weiss (CFO) Registracija: Okro\u017eno sodi\u0161\u010de v Mariboru pod vl. \u0161tevilka 1\/12496\/00; mati\u010dna \u0161tevilka 2106914,&hellip;&nbsp;<a href=\"https:\/\/starkom.si\/razvojno_okolje\/sl\/impressum\/\" rel=\"bookmark\">Preberi ve\u010d &raquo;<span class=\"screen-reader-text\">Impressum<\/span><\/a><\/p>\n","protected":false},"author":2,"featured_media":0,"parent":0,"menu_order":0,"comment_status":"closed","ping_status":"closed","template":"page-templates\/template-pagebuilder-full-width.php","meta":{"_acf_changed":false,"neve_meta_sidebar":"","neve_meta_container":"","neve_meta_enable_content_width":"off","neve_meta_content_width":100,"neve_meta_title_alignment":"","neve_meta_author_avatar":"","neve_post_elements_order":"","neve_meta_disable_header":"","neve_meta_disable_footer":"","neve_meta_disable_title":"","footnotes":""},"class_list":["post-1299","page","type-page","status-publish","hentry"],"acf":[],"_links":{"self":[{"href":"https:\/\/starkom.si\/razvojno_okolje\/wp-json\/wp\/v2\/pages\/1299","targetHints":{"allow":["GET"]}}],"collection":[{"href":"https:\/\/starkom.si\/razvojno_okolje\/wp-json\/wp\/v2\/pages"}],"about":[{"href":"https:\/\/starkom.si\/razvojno_okolje\/wp-json\/wp\/v2\/types\/page"}],"author":[{"embeddable":true,"href":"https:\/\/starkom.si\/razvojno_okolje\/wp-json\/wp\/v2\/users\/2"}],"replies":[{"embeddable":true,"href":"https:\/\/starkom.si\/razvojno_okolje\/wp-json\/wp\/v2\/comments?post=1299"}],"version-history":[{"count":34,"href":"https:\/\/starkom.si\/razvojno_okolje\/wp-json\/wp\/v2\/pages\/1299\/revisions"}],"predecessor-version":[{"id":3641,"href":"https:\/\/starkom.si\/razvojno_okolje\/wp-json\/wp\/v2\/pages\/1299\/revisions\/3641"}],"wp:attachment":[{"href":"https:\/\/starkom.si\/razvojno_okolje\/wp-json\/wp\/v2\/media?parent=1299"}],"curies":[{"name":"wp","href":"https:\/\/api.w.org\/{rel}","templated":true}]}}