{"id":1301,"date":"2023-07-06T16:10:46","date_gmt":"2023-07-06T16:10:46","guid":{"rendered":"http:\/\/starkom.si\/razvojno_okolje\/?page_id=1301"},"modified":"2025-04-18T19:40:24","modified_gmt":"2025-04-18T19:40:24","slug":"pravne-informacije","status":"publish","type":"page","link":"https:\/\/starkom.si\/razvojno_okolje\/sl\/pravne-informacije\/","title":{"rendered":"Pravne informacije"},"content":{"rendered":"\t\t<div data-elementor-type=\"wp-page\" data-elementor-id=\"1301\" class=\"elementor elementor-1301\" data-elementor-post-type=\"page\">\n\t\t\t\t<div class=\"elementor-element elementor-element-c1d5fab e-flex e-con-boxed e-con e-parent\" data-id=\"c1d5fab\" data-element_type=\"container\" data-e-type=\"container\" data-settings=\"{&quot;background_background&quot;:&quot;classic&quot;}\">\n\t\t\t\t\t<div class=\"e-con-inner\">\n\t\t\t\t<div class=\"elementor-element elementor-element-aae42c1 elementor-widget elementor-widget-heading\" data-id=\"aae42c1\" data-element_type=\"widget\" data-e-type=\"widget\" data-widget_type=\"heading.default\">\n\t\t\t\t<div class=\"elementor-widget-container\">\n\t\t\t\t\t<h2 class=\"elementor-heading-title elementor-size-default\">Pravne informacije<\/h2>\t\t\t\t<\/div>\n\t\t\t\t<\/div>\n\t\t\t\t<div class=\"elementor-element elementor-element-b2e5fdd elementor-widget elementor-widget-heading\" data-id=\"b2e5fdd\" data-element_type=\"widget\" data-e-type=\"widget\" data-widget_type=\"heading.default\">\n\t\t\t\t<div class=\"elementor-widget-container\">\n\t\t\t\t\t<h3 class=\"elementor-heading-title elementor-size-default\">Izklju\u010ditev odgovornosti<\/h3>\t\t\t\t<\/div>\n\t\t\t\t<\/div>\n\t\t\t\t<div class=\"elementor-element elementor-element-79a8747 elementor-widget elementor-widget-text-editor\" data-id=\"79a8747\" data-element_type=\"widget\" data-e-type=\"widget\" data-widget_type=\"text-editor.default\">\n\t\t\t\t<div class=\"elementor-widget-container\">\n\t\t\t\t\t\t\t\t\t<p>STARKOM d. o. o. v nobenem primeru ne prevzema odgovornosti za aktualnost, pravilnost, popolnost ali kakovost zagotovljenih informacij. Zahtevki za nadomestilo \u0161kode proti podjetju STARKOM d.o.o., ki se nana\u0161ajo na materialno ali nematerialno \u0161kodo, do katere je pri\u0161lo zaradi uporabe ali neuporabe ponujenih informacij oz. uporabe pomanjkljivih in nepopolnih informacij, so na\u010deloma izklju\u010deni, v kolikor s strani podjetja STARKOM d.o.o. ni pri\u0161lo do dokazljivo namerne ali hudo malomarne kr\u0161itve.<\/p><p>Podjetje STARKOM d.o.o. si izrecno pridr\u017euje pravico do sprememb delov strani ali celotne ponudbe brez posebnega vnaprej\u0161njega obvestila, do dopolnitev, brisanja oz. za\u010dasne ali dokon\u010dne prekinitve objavljanja.<\/p>\t\t\t\t\t\t\t\t<\/div>\n\t\t\t\t<\/div>\n\t\t\t\t<div class=\"elementor-element elementor-element-7d6ff16 elementor-widget elementor-widget-heading\" data-id=\"7d6ff16\" data-element_type=\"widget\" data-e-type=\"widget\" data-widget_type=\"heading.default\">\n\t\t\t\t<div class=\"elementor-widget-container\">\n\t\t\t\t\t<h3 class=\"elementor-heading-title elementor-size-default\">Sklicevanja in povezave<\/h3>\t\t\t\t<\/div>\n\t\t\t\t<\/div>\n\t\t\t\t<div class=\"elementor-element elementor-element-37b2006 elementor-widget elementor-widget-text-editor\" data-id=\"37b2006\" data-element_type=\"widget\" data-e-type=\"widget\" data-widget_type=\"text-editor.default\">\n\t\t\t\t<div class=\"elementor-widget-container\">\n\t\t\t\t\t\t\t\t\t<p>Pri neposrednih ali posrednih sklicevanjih na tuje spletne strani (\u00bbpovezave\u00ab), ki ne sodijo v obmo\u010dje odgovornosti podjetja STARKOM d. o. o., bi odgovornost veljala izklju\u010dno v primeru, da bi bilo podjetje STARKOM d. o. o. seznanjeno z vsebinami in bi bilo v primeru protizakonitih vsebin tehni\u010dno mogo\u010de in ustrezno tak\u0161no uporabo prepre\u010diti.<\/p><p>STARKOM d. o. o. izrecno izjavlja, da v \u010dasu ustvarjanja povezav na povezanih spletnih straneh ni bilo mogo\u010de zaslediti nobenih protizakonitih vsebin. Na aktualno in prihodnjo zasnovo, vsebine ali avtorstvo povezanih strani nima podjetje STARKOM d.o.o. nobenega vpliva. Zato se STARKOM d.o.o. tukaj izrecno distancira od vseh vsebin vseh povezanih strani, ki so bile spremenjene po vzpostavitvi povezav. Za nezakonite, pomanjkljive ali nepopolne vsebine ter zlasti za \u0161kodo, ki nastane zaradi uporabe ali neuporabe tovrstnih ponujenih informacij, odgovarja samo ponudnik strani, na katero se je sklicevalo, in ne tisti, ki se prek povezav zgolj sklicuje na posamezno objavo.<\/p><p>Slikovni material: \u00a9 Mercedes-Benz AG, \u00a9 Starkom<\/p>\t\t\t\t\t\t\t\t<\/div>\n\t\t\t\t<\/div>\n\t\t\t\t\t<\/div>\n\t\t\t\t<\/div>\n\t\t\t\t<\/div>\n\t\t","protected":false},"excerpt":{"rendered":"<p>Pravne informacije Izklju\u010ditev odgovornosti STARKOM d. o. o. v nobenem primeru ne prevzema odgovornosti za aktualnost, pravilnost, popolnost ali kakovost zagotovljenih informacij. Zahtevki za nadomestilo \u0161kode proti podjetju STARKOM d.o.o., ki se nana\u0161ajo na materialno ali nematerialno \u0161kodo, do katere je pri\u0161lo zaradi uporabe ali neuporabe ponujenih informacij oz. uporabe pomanjkljivih in nepopolnih informacij, so&hellip;&nbsp;<a href=\"https:\/\/starkom.si\/razvojno_okolje\/sl\/pravne-informacije\/\" rel=\"bookmark\">Preberi ve\u010d &raquo;<span class=\"screen-reader-text\">Pravne informacije<\/span><\/a><\/p>\n","protected":false},"author":2,"featured_media":0,"parent":0,"menu_order":0,"comment_status":"closed","ping_status":"closed","template":"page-templates\/template-pagebuilder-full-width.php","meta":{"_acf_changed":false,"neve_meta_sidebar":"","neve_meta_container":"","neve_meta_enable_content_width":"off","neve_meta_content_width":100,"neve_meta_title_alignment":"","neve_meta_author_avatar":"","neve_post_elements_order":"","neve_meta_disable_header":"","neve_meta_disable_footer":"","neve_meta_disable_title":"","footnotes":""},"class_list":["post-1301","page","type-page","status-publish","hentry"],"acf":[],"_links":{"self":[{"href":"https:\/\/starkom.si\/razvojno_okolje\/wp-json\/wp\/v2\/pages\/1301","targetHints":{"allow":["GET"]}}],"collection":[{"href":"https:\/\/starkom.si\/razvojno_okolje\/wp-json\/wp\/v2\/pages"}],"about":[{"href":"https:\/\/starkom.si\/razvojno_okolje\/wp-json\/wp\/v2\/types\/page"}],"author":[{"embeddable":true,"href":"https:\/\/starkom.si\/razvojno_okolje\/wp-json\/wp\/v2\/users\/2"}],"replies":[{"embeddable":true,"href":"https:\/\/starkom.si\/razvojno_okolje\/wp-json\/wp\/v2\/comments?post=1301"}],"version-history":[{"count":20,"href":"https:\/\/starkom.si\/razvojno_okolje\/wp-json\/wp\/v2\/pages\/1301\/revisions"}],"predecessor-version":[{"id":3627,"href":"https:\/\/starkom.si\/razvojno_okolje\/wp-json\/wp\/v2\/pages\/1301\/revisions\/3627"}],"wp:attachment":[{"href":"https:\/\/starkom.si\/razvojno_okolje\/wp-json\/wp\/v2\/media?parent=1301"}],"curies":[{"name":"wp","href":"https:\/\/api.w.org\/{rel}","templated":true}]}}