{"id":1305,"date":"2023-07-06T16:11:17","date_gmt":"2023-07-06T16:11:17","guid":{"rendered":"http:\/\/starkom.si\/razvojno_okolje\/?page_id=1305"},"modified":"2025-04-18T19:40:24","modified_gmt":"2025-04-18T19:40:24","slug":"okoljska-politika","status":"publish","type":"page","link":"https:\/\/starkom.si\/razvojno_okolje\/sl\/okoljska-politika\/","title":{"rendered":"Okoljska politika"},"content":{"rendered":"\t\t<div data-elementor-type=\"wp-page\" data-elementor-id=\"1305\" class=\"elementor elementor-1305\" data-elementor-post-type=\"page\">\n\t\t\t\t<div class=\"elementor-element elementor-element-bb566a9 e-flex e-con-boxed e-con e-parent\" data-id=\"bb566a9\" data-element_type=\"container\" data-e-type=\"container\" data-settings=\"{&quot;background_background&quot;:&quot;classic&quot;}\">\n\t\t\t\t\t<div class=\"e-con-inner\">\n\t\t\t\t<div class=\"elementor-element elementor-element-868f08a elementor-widget elementor-widget-heading\" data-id=\"868f08a\" data-element_type=\"widget\" data-e-type=\"widget\" data-widget_type=\"heading.default\">\n\t\t\t\t<div class=\"elementor-widget-container\">\n\t\t\t\t\t<h2 class=\"elementor-heading-title elementor-size-default\">Okoljska politika<\/h2>\t\t\t\t<\/div>\n\t\t\t\t<\/div>\n\t\t\t\t<div class=\"elementor-element elementor-element-2866308 elementor-widget elementor-widget-text-editor\" data-id=\"2866308\" data-element_type=\"widget\" data-e-type=\"widget\" data-widget_type=\"text-editor.default\">\n\t\t\t\t<div class=\"elementor-widget-container\">\n\t\t\t\t\t\t\t\t\t<p>Varstvo okolja s posebnim upo\u0161tevanjem neprestanih izbolj\u0161av okoljskih in energijskih u\u010dinkov, je usmerjeno in integrirano v dolgoro\u010dno strategijo na\u0161ega podjetja. Dosledno upo\u0161tevamo zakonska dolo\u010dila in obveznosti.<\/p><p>V duhu trajnostnega razvoja se \u010dutimo vselej obvezane, da neprestano razvijamo in izbolj\u0161ujemo okoljske cilje in s tem zmanj\u0161ujemo obremenitev okolja. Cilji na\u0161e razvojne in proizvodne strategije je naravnan k neposrednemu iskanju re\u0161itev okolju prijaznih in energetsko minimalno obremenjenih (pol)izdelkov.<\/p><p>Tej strategiji pomaga prizadevanje vsakega sodelavca posebej. Zato negujemo zavedanje vseh zaposlenih, da je osnovna celica podjetja delovno mesto posameznika, in tam se za\u010dne njegov lasten prispevek k doseganju teh ciljev.<\/p><p>Kot del dru\u017ebe \u00bbMercedes-Benz\u00ab spo\u0161tujemo in izvajamo koncernovih \u00bb6 okoljskih vodil\u00ab v katerih je zbrano bistvo okoljske politike na\u0161ega podjetja:<\/p><p>1. Nenehno izbolj\u0161anje in orientacija v prihodnost.<\/p><p>2. Razvoj okolju prijaznih in energetsko var\u010dnih (pol)izdelkov.<\/p><p>3. Oblikovanje okolju prijaznih tehnologij po vseh fazah proizvodnje.<\/p><p>4. Na\u0161im kupcem nuditi okolju prijazen servis.<\/p><p>5. Prizadevanje za vzorne okoljske cilje.<\/p><p>6. Neposredno in odkrito obve\u0161\u010danje sodelavcev in javnosti o aktivnosti na podro\u010dju varstva okolja.<\/p>\t\t\t\t\t\t\t\t<\/div>\n\t\t\t\t<\/div>\n\t\t\t\t\t<\/div>\n\t\t\t\t<\/div>\n\t\t\t\t<\/div>\n\t\t","protected":false},"excerpt":{"rendered":"<p>Okoljska politika Varstvo okolja s posebnim upo\u0161tevanjem neprestanih izbolj\u0161av okoljskih in energijskih u\u010dinkov, je usmerjeno in integrirano v dolgoro\u010dno strategijo na\u0161ega podjetja. Dosledno upo\u0161tevamo zakonska dolo\u010dila in obveznosti. V duhu trajnostnega razvoja se \u010dutimo vselej obvezane, da neprestano razvijamo in izbolj\u0161ujemo okoljske cilje in s tem zmanj\u0161ujemo obremenitev okolja. Cilji na\u0161e razvojne in proizvodne strategije&hellip;&nbsp;<a href=\"https:\/\/starkom.si\/razvojno_okolje\/sl\/okoljska-politika\/\" rel=\"bookmark\">Preberi ve\u010d &raquo;<span class=\"screen-reader-text\">Okoljska politika<\/span><\/a><\/p>\n","protected":false},"author":2,"featured_media":0,"parent":0,"menu_order":0,"comment_status":"closed","ping_status":"closed","template":"page-templates\/template-pagebuilder-full-width.php","meta":{"_acf_changed":false,"neve_meta_sidebar":"","neve_meta_container":"","neve_meta_enable_content_width":"off","neve_meta_content_width":100,"neve_meta_title_alignment":"","neve_meta_author_avatar":"","neve_post_elements_order":"","neve_meta_disable_header":"","neve_meta_disable_footer":"","neve_meta_disable_title":"","footnotes":""},"class_list":["post-1305","page","type-page","status-publish","hentry"],"acf":[],"_links":{"self":[{"href":"https:\/\/starkom.si\/razvojno_okolje\/wp-json\/wp\/v2\/pages\/1305","targetHints":{"allow":["GET"]}}],"collection":[{"href":"https:\/\/starkom.si\/razvojno_okolje\/wp-json\/wp\/v2\/pages"}],"about":[{"href":"https:\/\/starkom.si\/razvojno_okolje\/wp-json\/wp\/v2\/types\/page"}],"author":[{"embeddable":true,"href":"https:\/\/starkom.si\/razvojno_okolje\/wp-json\/wp\/v2\/users\/2"}],"replies":[{"embeddable":true,"href":"https:\/\/starkom.si\/razvojno_okolje\/wp-json\/wp\/v2\/comments?post=1305"}],"version-history":[{"count":17,"href":"https:\/\/starkom.si\/razvojno_okolje\/wp-json\/wp\/v2\/pages\/1305\/revisions"}],"predecessor-version":[{"id":3615,"href":"https:\/\/starkom.si\/razvojno_okolje\/wp-json\/wp\/v2\/pages\/1305\/revisions\/3615"}],"wp:attachment":[{"href":"https:\/\/starkom.si\/razvojno_okolje\/wp-json\/wp\/v2\/media?parent=1305"}],"curies":[{"name":"wp","href":"https:\/\/api.w.org\/{rel}","templated":true}]}}