{"id":3585,"date":"2025-03-03T19:50:18","date_gmt":"2025-03-03T19:50:18","guid":{"rendered":"https:\/\/starkom.si\/razvojno_okolje\/?page_id=3585"},"modified":"2025-04-18T20:05:19","modified_gmt":"2025-04-18T20:05:19","slug":"karriere","status":"publish","type":"page","link":"https:\/\/starkom.si\/razvojno_okolje\/de\/karriere\/","title":{"rendered":"Karriere"},"content":{"rendered":"\t\t<div data-elementor-type=\"wp-page\" data-elementor-id=\"3585\" class=\"elementor elementor-3585\" data-elementor-post-type=\"page\">\n\t\t\t\t<div class=\"elementor-element elementor-element-d6a520b e-con-full e-flex e-con e-parent\" data-id=\"d6a520b\" data-element_type=\"container\" data-e-type=\"container\" data-settings=\"{&quot;background_background&quot;:&quot;classic&quot;}\">\n\t\t<div class=\"elementor-element elementor-element-bcb71de e-con-full e-flex e-con e-child\" data-id=\"bcb71de\" data-element_type=\"container\" data-e-type=\"container\">\n\t\t<div class=\"elementor-element elementor-element-84f0ca2 e-flex e-con-boxed e-con e-child\" data-id=\"84f0ca2\" data-element_type=\"container\" data-e-type=\"container\">\n\t\t\t\t\t<div class=\"e-con-inner\">\n\t\t\t\t<div class=\"elementor-element elementor-element-4f36a68 elementor-widget elementor-widget-heading\" data-id=\"4f36a68\" data-element_type=\"widget\" data-e-type=\"widget\" data-widget_type=\"heading.default\">\n\t\t\t\t<div class=\"elementor-widget-container\">\n\t\t\t\t\t<span class=\"elementor-heading-title elementor-size-default\">ARBEITEN BEI STARKOM<\/span>\t\t\t\t<\/div>\n\t\t\t\t<\/div>\n\t\t\t\t<div class=\"elementor-element elementor-element-dda2582 elementor-widget elementor-widget-heading\" data-id=\"dda2582\" data-element_type=\"widget\" data-e-type=\"widget\" data-widget_type=\"heading.default\">\n\t\t\t\t<div class=\"elementor-widget-container\">\n\t\t\t\t\t<h2 class=\"elementor-heading-title elementor-size-default\">Benefits f\u00fcr unsere Mitarbeiter<\/h2>\t\t\t\t<\/div>\n\t\t\t\t<\/div>\n\t\t\t\t<div class=\"elementor-element elementor-element-c10f9d5 elementor-widget elementor-widget-heading\" data-id=\"c10f9d5\" data-element_type=\"widget\" data-e-type=\"widget\" data-widget_type=\"heading.default\">\n\t\t\t\t<div class=\"elementor-widget-container\">\n\t\t\t\t\t<h2 class=\"elementor-heading-title elementor-size-default\">Als einer der attraktivsten Arbeitgeber der Metall- und Automobilindustrie in der Region bieten wir unseren Mitarbeitern viele Vorteile:<\/h2>\t\t\t\t<\/div>\n\t\t\t\t<\/div>\n\t\t<div class=\"elementor-element elementor-element-06729e2 e-grid e-con-boxed e-con e-child\" data-id=\"06729e2\" data-element_type=\"container\" data-e-type=\"container\">\n\t\t\t\t\t<div class=\"e-con-inner\">\n\t\t\t\t<div class=\"elementor-element elementor-element-b98b225 elementor-align-start elementor-icon-list--layout-traditional elementor-list-item-link-full_width elementor-widget elementor-widget-icon-list\" data-id=\"b98b225\" data-element_type=\"widget\" data-e-type=\"widget\" data-widget_type=\"icon-list.default\">\n\t\t\t\t<div class=\"elementor-widget-container\">\n\t\t\t\t\t\t\t<ul class=\"elementor-icon-list-items\">\n\t\t\t\t\t\t\t<li class=\"elementor-icon-list-item\">\n\t\t\t\t\t\t\t\t\t\t\t<span class=\"elementor-icon-list-icon\">\n\t\t\t\t\t\t\t<svg xmlns=\"http:\/\/www.w3.org\/2000\/svg\" xmlns:xlink=\"http:\/\/www.w3.org\/1999\/xlink\" id=\"Layer_1\" x=\"0px\" y=\"0px\" viewBox=\"0 0 24 24\" style=\"enable-background:new 0 0 24 24;\" xml:space=\"preserve\"><style type=\"text\/css\">\t.st0{fill:#FFFFFF;}<\/style><path class=\"st0\" d=\"M12,7.8h2V5.6h1.3v3.5H12L12,7.8L12,7.8z M10.7,17.7l-4.7,0c-1.1,0-2-1-2-2.1c0,0,0,0,0,0v-5h1.3v5 c0,0.4,0.3,0.7,0.7,0.7h4.7L10.7,17.7L10.7,17.7z M9.3,3.5c0.7,0,1.3,0.6,1.3,1.4s-0.6,1.4-1.3,1.4C8.6,6.3,8,5.7,8,4.9 S8.6,3.5,9.3,3.5z M20,10.6V12h-3.3v8.5h-1.3V12H12c-0.5,0-1-0.3-1.3-0.7v2.1l1.1,0c0.9,0,1.6,0.7,1.6,1.7l0,4H12l0-4 c0-0.1-0.1-0.2-0.2-0.2H6.7l0-6.4C6.7,7.7,7.3,7,8,7h1.3c0.5,0,1,0.4,1.2,0.8l1.1,2.4c0,0.1,0.1,0.2,0.2,0.3c0,0,0.1,0.1,0.2,0.1 L20,10.6L20,10.6z\"><\/path><\/svg>\t\t\t\t\t\t<\/span>\n\t\t\t\t\t\t\t\t\t\t<span class=\"elementor-icon-list-text\">ordentliches Arbeitsumfeld mit moderner technischer Ausstattung<\/span>\n\t\t\t\t\t\t\t\t\t<\/li>\n\t\t\t\t\t\t\t\t<li class=\"elementor-icon-list-item\">\n\t\t\t\t\t\t\t\t\t\t\t<span class=\"elementor-icon-list-icon\">\n\t\t\t\t\t\t\t<svg xmlns=\"http:\/\/www.w3.org\/2000\/svg\" viewBox=\"0 0 24 24\"><path fill-rule=\"evenodd\" d=\"M12.967 9.131c.259.32.283.55.137.731-.161.201-.471.205-1.02-.146l.443-.55-.287-.23-.457.568-.126-.103c-.059-.048-.115-.091-.16-.136l.453-.563-.286-.23-.439.545c-.429-.443-.473-.733-.315-.928.139-.173.352-.195.679-.052l.272-.553c-.628-.326-1.116-.157-1.427.229-.366.455-.397 1.096.342 1.863l-.23.287.286.23.213-.263c.051.048.105.092.16.136l.128.103-.208.258.286.23.227-.281c.931.592 1.573.428 1.935-.022.333-.414.404-.948-.128-1.533l-.475.412zm-8.968 3.764l6.148 4.122c2.516-.079 4.283-2.184 5.821-4.016 1.337-1.592 2.519-3 4.031-3v1c-1.048 0-2.088 1.239-3.266 2.641-1.707 2.033-3.672 4.373-6.734 4.374l-6-3.916v-1.206zm0 2.506l6.148 4.097c3.473-.073 5.544-2.727 7.067-4.677 1.012-1.297 1.811-2.32 2.784-2.32v.999c-.49 0-1.155.853-1.998 1.933-1.671 2.141-3.956 5.066-8.001 5.066L4 16.6v-1.2zm10-11.9c-4.001 0-6 7.001-10 7.001v.999L9.998 15.5c3.93 0 5.617-7 10-7v-.999L13.999 3.5z\" style=\"fill: #ffffff;\"><\/path><\/svg>\t\t\t\t\t\t<\/span>\n\t\t\t\t\t\t\t\t\t\t<span class=\"elementor-icon-list-text\">regelm\u00e4\u00dfige Lohnzahlungen<\/span>\n\t\t\t\t\t\t\t\t\t<\/li>\n\t\t\t\t\t\t\t\t<li class=\"elementor-icon-list-item\">\n\t\t\t\t\t\t\t\t\t\t\t<span class=\"elementor-icon-list-icon\">\n\t\t\t\t\t\t\t<svg xmlns=\"http:\/\/www.w3.org\/2000\/svg\" viewBox=\"0 0 24 24\"><path d=\"M14.5 11.001l-.484-1.781c-.21-.745-.903-1.22-1.667-1.22h-.69c-.774 0-1.47.487-1.675 1.243L9.5 11.001l.555 3.244c.078.458.506.757.97.757H13c.461 0 .893-.292.968-.745l.533-3.254zm-2 .999h-1v1h1v-1zm-2-1l.449-1.495c.088-.323.385-.504.71-.504h.69c.319 0 .617.171.706.489l.444 1.512H10.5zm7.52-5.928c.595.22.979.771.979 1.405v4.702c0 4.265-2.917 7.735-7 8.817-4.126-1.031-7.001-4.527-7.001-8.817V6.477c0-.634.384-1.185.978-1.405 1.923-.713 3.972-1.07 6.022-1.07s4.098.357 6.022 1.07z\" style=\"fill: #ffffff;\"><\/path><\/svg>\t\t\t\t\t\t<\/span>\n\t\t\t\t\t\t\t\t\t\t<span class=\"elementor-icon-list-text\">Arbeitsplatzsicherheit und langfristige Besch\u00e4ftigungssicherheit<\/span>\n\t\t\t\t\t\t\t\t\t<\/li>\n\t\t\t\t\t\t\t\t<li class=\"elementor-icon-list-item\">\n\t\t\t\t\t\t\t\t\t\t\t<span class=\"elementor-icon-list-icon\">\n\t\t\t\t\t\t\t<svg xmlns=\"http:\/\/www.w3.org\/2000\/svg\" viewBox=\"0 0 24 24\"><path fill-rule=\"evenodd\" d=\"M16.999 13.001c0 2-2 2.999-5 2.999s-5-.999-5-2.999v-1.5l5 2.499 3.736-1.868 1.264.655v.214zm-5-9l9 4.5-3 1.5-5-1.768-.298.079 5.214 2.7a1.957 1.957 0 0 1 1.08 1.776l.002 3.298a1.5 1.5 0 0 1 1.002 1.415v2.501h-3v-2.501a1.5 1.5 0 0 1 1-1.414v-3.3a.979.979 0 0 0-.541-.887l-1.589-.823-3.871 1.926-8.999-4.502 9-4.5z\" style=\"fill: #ffffff;\"><\/path><\/svg>\t\t\t\t\t\t<\/span>\n\t\t\t\t\t\t\t\t\t\t<span class=\"elementor-icon-list-text\">berufliche und pers\u00f6nliche Entwicklung durch Fortbildung in Slowenien und im Ausland<\/span>\n\t\t\t\t\t\t\t\t\t<\/li>\n\t\t\t\t\t\t\t\t<li class=\"elementor-icon-list-item\">\n\t\t\t\t\t\t\t\t\t\t\t<span class=\"elementor-icon-list-icon\">\n\t\t\t\t\t\t\t<svg xmlns:xodm=\"http:\/\/www.corel.com\/coreldraw\/odm\/2003\" xmlns=\"http:\/\/www.w3.org\/2000\/svg\" xmlns:xlink=\"http:\/\/www.w3.org\/1999\/xlink\" id=\"Layer_1\" x=\"0px\" y=\"0px\" viewBox=\"0 0 24 24\" style=\"enable-background:new 0 0 24 24;\" xml:space=\"preserve\"><style type=\"text\/css\">\t.st0{fill-rule:evenodd;clip-rule:evenodd;fill:#FEFEFE;}\t.st1{fill:#FEFEFE;}<\/style><g id=\"Layer_x0020_1\">\t<g id=\"_2206756496912\">\t\t<path class=\"st0\" d=\"M16,4.3c-0.5,1-0.3,2.4-0.3,3.7H12v4H8v3.7c-2.4,0-3.9-0.7-4.1,1.4c-0.3,4.2,0.2,2.9,14,3   c3.1,0,2.2-0.4,2.2-9.2c0-6.1,1-7.5-3-7C15.8,4.1,16.5,4,16,4.3z\"><\/path>\t\t<rect x=\"15.7\" y=\"3.6\" class=\"st0\" width=\"4.5\" height=\"16.5\"><\/rect>\t\t<rect x=\"3.8\" y=\"15.5\" class=\"st0\" width=\"16.5\" height=\"4.9\"><\/rect>\t\t<path class=\"st1\" d=\"M4.2,9l2.5-2.9L5.9,5.5l3.9-1.6L8.8,8L8.1,7.4l-2.5,2.9L4.2,9z\"><\/path>\t<\/g><\/g><\/svg>\t\t\t\t\t\t<\/span>\n\t\t\t\t\t\t\t\t\t\t<span class=\"elementor-icon-list-text\">M\u00f6glichkeit der Bef\u00f6rderung und Belohnung auf der Grundlage der Arbeitsleistung<\/span>\n\t\t\t\t\t\t\t\t\t<\/li>\n\t\t\t\t\t\t\t\t<li class=\"elementor-icon-list-item\">\n\t\t\t\t\t\t\t\t\t\t\t<span class=\"elementor-icon-list-icon\">\n\t\t\t\t\t\t\t<svg xmlns=\"http:\/\/www.w3.org\/2000\/svg\" viewBox=\"0 0 24 24\"><path fill-rule=\"evenodd\" d=\"M10.501 20.501H13.5v.5a.5.5 0 0 1-.5.5h-2a.501.501 0 0 1-.5-.5v-.5zm.999-18h1v2h-1v-2zM5.647 4.854l.707-.706 1.414 1.414-.706.708-1.414-1.415zM3.5 11.001v-1h2.001v1H3.5zm2.854 5.854l-.707-.708 1.414-1.414.707.706-1.415 1.415zM17.647 4.148l.706.706-1.414 1.415-.708-.708 1.415-1.414zm2.853 5.853v1h-2.001v-1H20.5zm-2.147 6.147l-.706.706-1.414-1.414.706-.708 1.414 1.415zm-2.914-1.673c-.743.814-1.439 1.576-1.439 2.442v.501h-3.999v-.501c0-.866-.695-1.628-1.438-2.442-.995-1.09-2.062-2.262-2.062-4.058 0-3.121 2.53-5 5.499-5s5.499 1.874 5.499 5c0 1.796-1.068 2.968-2.061 4.058zM14 18.502H9.999v.5c0 .275.225.5.5.5H13.5c.275 0 .5-.225.5-.5v-.5z\" style=\"fill: #ffffff;\"><\/path><\/svg>\t\t\t\t\t\t<\/span>\n\t\t\t\t\t\t\t\t\t\t<span class=\"elementor-icon-list-text\">Belohnung der Mitarbeiter f\u00fcr Verbesserungsvorschl\u00e4ge in Bezug auf den Arbeitsprozess<\/span>\n\t\t\t\t\t\t\t\t\t<\/li>\n\t\t\t\t\t\t\t\t<li class=\"elementor-icon-list-item\">\n\t\t\t\t\t\t\t\t\t\t\t<span class=\"elementor-icon-list-icon\">\n\t\t\t\t\t\t\t<svg xmlns=\"http:\/\/www.w3.org\/2000\/svg\" viewBox=\"0 0 24 24\"><path fill-rule=\"evenodd\" d=\"M12.023 6.431a2 2 0 1 1 1.037-3.864 2 2 0 0 1-1.037 3.864m-1.995.069a2 2 0 1 1-.002 4.001 2 2 0 0 1 .002-4.001zm-3.501 6a1 1 0 1 1 0 2 1 1 0 0 1 0-2zm12.089 1.004c.388-.728.02-2.016-.866-1.501-.928.54.169 1.414.866 1.501zM16.5 14.5c.482 0 .835.046 1.293-.191-1.382-.585-2.04-2.298-.545-3.169 1.475-.856 2.746.628 2.512 2.054.476-.39.587-1.232.744-1.817l.965.258c-.378 1.409-.626 2.642-2.333 2.857-.761.888-1.521 1.009-2.638 1.009-.145 1.36-.874 2.575-1.974 3.468v1.532c0 .55-.449.999-.999.999h-1c-.55.001-1-.449-1-.999v-.148c-.48.097-.983.148-1.499.148s-1.018-.051-1.5-.148v.148c0 .55-.449 1-.999 1h-1c-.55-.001-1-.45-1-1V18.97a5.72 5.72 0 0 1-1.291-1.469h-.709c-.55 0-1-.45-1-.999v-3c0-.55.45-1 1-1h.709c.679-1.123 1.801-2.023 3.171-2.535.177.315.408.589.683.823-.265.082-.524.18-.773.294l.418.906c1.413-.652 3.169-.652 4.582 0l.418-.906a5.831 5.831 0 0 0-.769-.293c.272-.23.505-.514.679-.824 2.114.789 3.636 2.502 3.854 4.534zm-8.973-10a1.999 1.999 0 0 1 1.782 1.09 3.013 3.013 0 0 0-1.4.791v-.002a2.977 2.977 0 0 0-.88 2.058 1.999 1.999 0 0 1 .5-3.937z\" style=\"fill: #ffffff;\"><\/path><\/svg>\t\t\t\t\t\t<\/span>\n\t\t\t\t\t\t\t\t\t\t<span class=\"elementor-icon-list-text\">zus\u00e4tzliche Zahlungen in Form einer Jubil\u00e4umszuwendung und einer Zuwendung in Hinsicht auf den Erfolg der Firma<\/span>\n\t\t\t\t\t\t\t\t\t<\/li>\n\t\t\t\t\t\t<\/ul>\n\t\t\t\t\t\t<\/div>\n\t\t\t\t<\/div>\n\t\t\t\t<div class=\"elementor-element elementor-element-7c4ed8d elementor-align-start elementor-icon-list--layout-traditional elementor-list-item-link-full_width elementor-widget elementor-widget-icon-list\" data-id=\"7c4ed8d\" data-element_type=\"widget\" data-e-type=\"widget\" data-widget_type=\"icon-list.default\">\n\t\t\t\t<div class=\"elementor-widget-container\">\n\t\t\t\t\t\t\t<ul class=\"elementor-icon-list-items\">\n\t\t\t\t\t\t\t<li class=\"elementor-icon-list-item\">\n\t\t\t\t\t\t\t\t\t\t\t<span class=\"elementor-icon-list-icon\">\n\t\t\t\t\t\t\t<svg xmlns=\"http:\/\/www.w3.org\/2000\/svg\" viewBox=\"0 0 24 24\"><path d=\"M21 2h-9a1 1 0 0 0-1 1v5.592l2.385.993a1 1 0 0 1 .615.923v4.71a6.554 6.554 0 0 1-.05.782H21a1 1 0 0 0 1-1V3a1 1 0 0 0-1-1zm-1 11h-4v-1h4zm0-2h-4v-1h4zm0-2h-4V8h4zm0-2h-7V6h7zm0-2h-7V4h7z\" style=\"fill: #ffffff;\"><\/path><path d=\"M7.5 9.3l4.5 1.875v4.043a4.5 4.5 0 0 1-1.682 3.508L7.488 21l-2.809-2.26A4.5 4.5 0 0 1 3 15.233v-4.145L7.5 9.3m0-.9a.911.911 0 0 0-.333.063l-4.5 1.789a.9.9 0 0 0-.567.836v4.145a5.378 5.378 0 0 0 2.014 4.208l2.81 2.26a.9.9 0 0 0 1.128 0l2.83-2.274a5.375 5.375 0 0 0 2.018-4.21v-4.042a.9.9 0 0 0-.554-.831l-4.5-1.875A.9.9 0 0 0 7.5 8.4z\" style=\"fill: #ffffff;\"><\/path><path d=\"M7.488 21l-2.809-2.26A4.5 4.5 0 0 1 3 15.234v-4.145L7.5 9.3\" style=\"fill: #ffffff;\"><\/path><\/svg>\t\t\t\t\t\t<\/span>\n\t\t\t\t\t\t\t\t\t\t<span class=\"elementor-icon-list-text\">M\u00f6glichkeit des Anschlusses an eine kollektive Unfallversicherung und zus\u00e4tzliche Rentenversicherung<\/span>\n\t\t\t\t\t\t\t\t\t<\/li>\n\t\t\t\t\t\t\t\t<li class=\"elementor-icon-list-item\">\n\t\t\t\t\t\t\t\t\t\t\t<span class=\"elementor-icon-list-icon\">\n\t\t\t\t\t\t\t<svg xmlns=\"http:\/\/www.w3.org\/2000\/svg\" viewBox=\"0 0 24 24\"><path d=\"M15.557 18.495a3.382 3.382 0 0 1-2.093.286l-5.523-1.017.136-.738 1.48.273.037-.005 4.14.763c.049.007.099.012.148.015a.994.994 0 0 0 1.102-.796l.024-.125a1 1 0 0 0-.777-1.164l-2.553-.538a4 4 0 0 1-1.268-.506L7.882 13.39a3.133 3.133 0 0 0-2.369-.272L2 14.115V19l11.913 2.218c.53.115 1.085.019 1.545-.268l6.003-3.368a.305.305 0 0 0 .056-.492 2.001 2.001 0 0 0-2.172-.332zM13 10.869V11h.003l-.003.016c0 .828 1.343 1.5 3 1.5s3-.672 3-1.5L18.997 11H19v-.131a4.855 4.855 0 0 1-3 .881 4.855 4.855 0 0 1-3-.881z\" style=\"fill: #ffffff;\"><\/path><path d=\"M16 11c1.657 0 3-.672 3-1.5S17.657 8 16 8s-3 .672-3 1.5 1.343 1.5 3 1.5zM6 6.869V7h.003L6 7.016c0 .828 1.343 1.5 3 1.5s3-.672 3-1.5L11.997 7H12v-.131a4.855 4.855 0 0 1-3 .881 4.855 4.855 0 0 1-3-.881z\" style=\"fill: #ffffff;\"><\/path><path d=\"M9 7c1.657 0 3-.672 3-1.5S10.657 4 9 4s-3 .672-3 1.5S7.343 7 9 7z\" style=\"fill: #ffffff;\"><\/path><\/svg>\t\t\t\t\t\t<\/span>\n\t\t\t\t\t\t\t\t\t\t<span class=\"elementor-icon-list-text\">Erstattung von Mahlzeit- und Fahrtkosten in der H\u00f6he eines steuerfreien Betrags gem\u00e4\u00df der geltenden Regelung<\/span>\n\t\t\t\t\t\t\t\t\t<\/li>\n\t\t\t\t\t\t\t\t<li class=\"elementor-icon-list-item\">\n\t\t\t\t\t\t\t\t\t\t\t<span class=\"elementor-icon-list-icon\">\n\t\t\t\t\t\t\t<svg xmlns=\"http:\/\/www.w3.org\/2000\/svg\" viewBox=\"0 0 24 24\"><path fill-rule=\"evenodd\" d=\"M12.019 11.855h-.328V10.33h.328c.415 0 .686.255.686.751 0 .51-.27.774-.686.774m.036-2.29h-1.298v4.871h.934v-1.838h.364c.912 0 1.604-.547 1.604-1.531 0-.963-.685-1.502-1.604-1.502zM18 4.002v15.997c0 .55-.45 1-1 1H7.001c-.55 0-1-.45-1-1V4.002c0-.55.45-1 1-1h9.998c.55 0 1 .45 1 1z\" style=\"fill: #ffffff;\"><\/path><\/svg>\t\t\t\t\t\t<\/span>\n\t\t\t\t\t\t\t\t\t\t<span class=\"elementor-icon-list-text\">kostenlose Parkpl\u00e4tze<\/span>\n\t\t\t\t\t\t\t\t\t<\/li>\n\t\t\t\t\t\t\t\t<li class=\"elementor-icon-list-item\">\n\t\t\t\t\t\t\t\t\t\t\t<span class=\"elementor-icon-list-icon\">\n\t\t\t\t\t\t\t<svg xmlns=\"http:\/\/www.w3.org\/2000\/svg\" data-name=\"RZ Fl&#xE4;chen\" viewBox=\"0 0 24 24\"><path d=\"M11 12.354V10.71a4.486 4.486 0 0 0-.756-2.496l-.992-1.488A1.492 1.492 0 0 1 9 5.895V3.5A1.502 1.502 0 0 0 7.5 2h-2A1.502 1.502 0 0 0 4 3.5v2.395a1.492 1.492 0 0 1-.252.832l-.992 1.488A4.486 4.486 0 0 0 2 10.71V20.5A1.502 1.502 0 0 0 3.5 22h6a1.502 1.502 0 0 0 1.5-1.5v-.977a14.236 14.236 0 0 1-1-4.323 4.604 4.604 0 0 1 1-2.846zM5 3.5a.5.5 0 0 1 .5-.5h2a.5.5 0 0 1 .5.5V4H5zm2.972 7.135c-1.339 0-1.339.893-2.677.893-1.194 0-1.33-.706-2.292-.86a3.487 3.487 0 0 1 .585-1.898L4.58 7.28A2.488 2.488 0 0 0 5 5.895V5h3v.895a2.488 2.488 0 0 0 .42 1.386l.992 1.489A3.489 3.489 0 0 1 10 10.71v.71c-.727-.227-.959-.785-2.028-.785z\" style=\"fill: #ffffff;\"><\/path><path d=\"M18.85 11.55a3.587 3.587 0 0 0-.907.116 4.75 4.75 0 0 1-.674.122 2.458 2.458 0 0 1 1.455-1.84l-.448-.895a3.405 3.405 0 0 0-2.017 2.737 4.76 4.76 0 0 1-.701-.123 3.572 3.572 0 0 0-.908-.117A3.654 3.654 0 0 0 11 15.2c0 1.748 1.434 6.8 3.65 6.8a1.631 1.631 0 0 0 .758-.195 2.986 2.986 0 0 1 2.684 0 1.628 1.628 0 0 0 .758.195c2.216 0 3.65-5.052 3.65-6.8a3.654 3.654 0 0 0-3.65-3.65zm0 9.45a.637.637 0 0 1-.295-.082 3.956 3.956 0 0 0-3.61 0 .64.64 0 0 1-.295.082C13.458 21 12 17.117 12 15.2a2.653 2.653 0 0 1 2.65-2.65 2.57 2.57 0 0 1 .654.084 5.638 5.638 0 0 0 2.892 0 2.584 2.584 0 0 1 .654-.084 2.653 2.653 0 0 1 2.65 2.65c0 1.917-1.458 5.8-2.65 5.8z\" style=\"fill: #ffffff;\"><\/path><\/svg>\t\t\t\t\t\t<\/span>\n\t\t\t\t\t\t\t\t\t\t<span class=\"elementor-icon-list-text\">kostenloses Obst im Rahmen des \"Gesunden Mittwochs\"<\/span>\n\t\t\t\t\t\t\t\t\t<\/li>\n\t\t\t\t\t\t\t\t<li class=\"elementor-icon-list-item\">\n\t\t\t\t\t\t\t\t\t\t\t<span class=\"elementor-icon-list-icon\">\n\t\t\t\t\t\t\t<svg xmlns=\"http:\/\/www.w3.org\/2000\/svg\" viewBox=\"0 0 24 24\"><path fill-rule=\"evenodd\" d=\"M11.995 7.001h.041a2.993 2.993 0 0 0 2.086-.886l1.519.69a.627.627 0 0 1 .343.692l-.49 2.504H8.496l-.489-2.504a.627.627 0 0 1 .341-.692l1.519-.69A2.988 2.988 0 0 0 11.953 7h.007l.035.001zM5.995 19h.043a2.99 2.99 0 0 0 2.085-.885l1.52.688a.625.625 0 0 1 .341.692l-.49 2.504H2.496l-.49-2.504a.629.629 0 0 1 .341-.692l1.52-.688A2.987 2.987 0 0 0 5.952 19h.043zm0-5a2 2 0 1 0 0 4 2 2 0 0 0 0-4zm12.011 5h.042a2.992 2.992 0 0 0 2.086-.885l1.519.688a.629.629 0 0 1 .343.692l-.49 2.504h-6.999l-.489-2.504a.627.627 0 0 1 .341-.692l1.519-.688a2.988 2.988 0 0 0 2.086.885h.043zm0-5a2 2 0 1 0 0 4 2 2 0 0 0 0-4zm-8.859 1.069l2.348-1.356v-2.712h1v2.713l2.346 1.355-.496.863-2.349-1.356-2.348 1.357-.501-.863zm2.848-13.068a2 2 0 1 0 0 4 2 2 0 0 0 0-4z\" style=\"fill: #ffffff;\"><\/path><\/svg>\t\t\t\t\t\t<\/span>\n\t\t\t\t\t\t\t\t\t\t<span class=\"elementor-icon-list-text\">Team Events<\/span>\n\t\t\t\t\t\t\t\t\t<\/li>\n\t\t\t\t\t\t\t\t<li class=\"elementor-icon-list-item\">\n\t\t\t\t\t\t\t\t\t\t\t<span class=\"elementor-icon-list-icon\">\n\t\t\t\t\t\t\t<svg xmlns=\"http:\/\/www.w3.org\/2000\/svg\" viewBox=\"0 0 24 24\"><path d=\"M13.501 14.65h.5c0-.788 1.935-.881 2.423-.881v-.999c-.905 0-1.576.064-2.06.305-.585.293-.862.775-.862 1.575m-5.924-.881v-.999c-.878 0-1.495.128-1.925.48-.46.375-.652.918-.652 1.758h.501c0-.947 1.371-1.238 2.076-1.238zM4.43 10.353C5.075 7.343 5.794 6 9.001 6v.999c-2.672 0-3.051 1.02-3.594 3.56-.137.64-.233 1.291-.296 1.908.563-.339 1.338-.468 2.391-.468 1.189 0 3.073-.006 3.73 1.213a1.488 1.488 0 0 1 1.539 0c.657-1.219 2.542-1.213 3.73-1.213 1.053 0 1.828.129 2.391.468a18.203 18.203 0 0 0-.296-1.908c-.543-2.54-.923-3.56-3.594-3.56V6c3.207 0 3.926 1.343 4.571 4.353.33 1.541.43 3.111.43 4.682 0 1.933-.365 2.965-2.501 2.965-2.225 0-5-.808-5-3.506.041-.25-.274-.495-.5-.495-.48 0-.495.501-.501.501-.005 2.693-2.777 3.5-5 3.5C4.365 18 4 16.969 4 15.035c0-1.551.099-3.137.43-4.682z\" style=\"fill: #ffffff;\"><\/path><\/svg>\t\t\t\t\t\t<\/span>\n\t\t\t\t\t\t\t\t\t\t<span class=\"elementor-icon-list-text\">Kostenlose Sehpr\u00fcfungen und Bezahlung von Korrektionsbrillen<\/span>\n\t\t\t\t\t\t\t\t\t<\/li>\n\t\t\t\t\t\t<\/ul>\n\t\t\t\t\t\t<\/div>\n\t\t\t\t<\/div>\n\t\t\t\t\t<\/div>\n\t\t\t\t<\/div>\n\t\t\t\t\t<\/div>\n\t\t\t\t<\/div>\n\t\t\t\t<div class=\"elementor-element elementor-element-e0c39f1 elementor-widget elementor-widget-text-editor\" data-id=\"e0c39f1\" data-element_type=\"widget\" data-e-type=\"widget\" data-widget_type=\"text-editor.default\">\n\t\t\t\t<div class=\"elementor-widget-container\">\n\t\t\t\t\t\t\t\t\t<p>Um sich f\u00fcr eine Stelle bei Starkom zu bewerben, folgen Sie dem <a href=\"https:\/\/starkom.si\/razvojno_okolje\/zaposlitev\/#zaposlitev\">Link<\/a>.<\/p>\t\t\t\t\t\t\t\t<\/div>\n\t\t\t\t<\/div>\n\t\t\t\t<\/div>\n\t\t\t\t<\/div>\n\t\t<div class=\"elementor-element elementor-element-9f60d74 elementor-hidden-desktop elementor-hidden-laptop elementor-hidden-tablet elementor-hidden-mobile e-flex e-con-boxed e-con e-parent\" data-id=\"9f60d74\" data-element_type=\"container\" data-e-type=\"container\" data-settings=\"{&quot;background_background&quot;:&quot;classic&quot;}\">\n\t\t\t\t\t<div class=\"e-con-inner\">\n\t\t<div class=\"elementor-element elementor-element-b79ca72 e-flex e-con-boxed e-con e-child\" data-id=\"b79ca72\" data-element_type=\"container\" data-e-type=\"container\">\n\t\t\t\t\t<div class=\"e-con-inner\">\n\t\t\t\t<div class=\"elementor-element elementor-element-100b36c elementor-widget elementor-widget-heading\" data-id=\"100b36c\" data-element_type=\"widget\" data-e-type=\"widget\" data-widget_type=\"heading.default\">\n\t\t\t\t<div class=\"elementor-widget-container\">\n\t\t\t\t\t<span class=\"elementor-heading-title elementor-size-default\">Strokovno znanje in izku\u0161nje<\/span>\t\t\t\t<\/div>\n\t\t\t\t<\/div>\n\t\t\t\t<div class=\"elementor-element elementor-element-e949b89 elementor-widget elementor-widget-heading\" data-id=\"e949b89\" data-element_type=\"widget\" data-e-type=\"widget\" data-widget_type=\"heading.default\">\n\t\t\t\t<div class=\"elementor-widget-container\">\n\t\t\t\t\t<h2 class=\"elementor-heading-title elementor-size-default\">Ve\u010d kot 300 zaposlenih<\/h2>\t\t\t\t<\/div>\n\t\t\t\t<\/div>\n\t\t\t\t<div class=\"elementor-element elementor-element-781b455 elementor-widget elementor-widget-image\" data-id=\"781b455\" data-element_type=\"widget\" data-e-type=\"widget\" data-widget_type=\"image.default\">\n\t\t\t\t<div class=\"elementor-widget-container\">\n\t\t\t\t\t\t\t\t\t\t\t\t\t\t\t<img fetchpriority=\"high\" decoding=\"async\" width=\"750\" height=\"500\" src=\"https:\/\/starkom.si\/razvojno_okolje\/wp-content\/uploads\/2023\/08\/Statistika_slo_opti.jpg\" class=\"attachment-large size-large wp-image-2607\" alt=\"\" srcset=\"https:\/\/starkom.si\/razvojno_okolje\/wp-content\/uploads\/2023\/08\/Statistika_slo_opti.jpg 750w, https:\/\/starkom.si\/razvojno_okolje\/wp-content\/uploads\/2023\/08\/Statistika_slo_opti-300x200.jpg 300w, https:\/\/starkom.si\/razvojno_okolje\/wp-content\/uploads\/2023\/08\/Statistika_slo_opti-18x12.jpg 18w\" sizes=\"(max-width: 750px) 100vw, 750px\" \/>\t\t\t\t\t\t\t\t\t\t\t\t\t\t\t<\/div>\n\t\t\t\t<\/div>\n\t\t\t\t<div class=\"elementor-element elementor-element-4a51747 elementor-widget elementor-widget-image\" data-id=\"4a51747\" data-element_type=\"widget\" data-e-type=\"widget\" data-widget_type=\"image.default\">\n\t\t\t\t<div class=\"elementor-widget-container\">\n\t\t\t\t\t\t\t\t\t\t\t\t\t\t\t<img decoding=\"async\" width=\"750\" height=\"500\" src=\"https:\/\/starkom.si\/razvojno_okolje\/wp-content\/uploads\/2023\/08\/Statistika_de_opti.jpg\" class=\"attachment-large size-large wp-image-2606\" alt=\"\" srcset=\"https:\/\/starkom.si\/razvojno_okolje\/wp-content\/uploads\/2023\/08\/Statistika_de_opti.jpg 750w, https:\/\/starkom.si\/razvojno_okolje\/wp-content\/uploads\/2023\/08\/Statistika_de_opti-300x200.jpg 300w, https:\/\/starkom.si\/razvojno_okolje\/wp-content\/uploads\/2023\/08\/Statistika_de_opti-18x12.jpg 18w\" sizes=\"(max-width: 750px) 100vw, 750px\" \/>\t\t\t\t\t\t\t\t\t\t\t\t\t\t\t<\/div>\n\t\t\t\t<\/div>\n\t\t\t\t\t<\/div>\n\t\t\t\t<\/div>\n\t\t\t\t\t<\/div>\n\t\t\t\t<\/div>\n\t\t\t\t<\/div>\n\t\t","protected":false},"excerpt":{"rendered":"<p>ARBEITEN BEI STARKOM Benefits f\u00fcr unsere Mitarbeiter Als einer der attraktivsten Arbeitgeber der Metall- und Automobilindustrie in der Region bieten wir unseren Mitarbeitern viele Vorteile: &nbsp; ordentliches Arbeitsumfeld mit moderner technischer Ausstattung regelm\u00e4\u00dfige Lohnzahlungen Arbeitsplatzsicherheit und langfristige Besch\u00e4ftigungssicherheit berufliche und pers\u00f6nliche Entwicklung durch Fortbildung in Slowenien und im Ausland &nbsp; M\u00f6glichkeit der Bef\u00f6rderung und Belohnung&hellip;&nbsp;<a href=\"https:\/\/starkom.si\/razvojno_okolje\/de\/karriere\/\" rel=\"bookmark\">Preberi ve\u010d &raquo;<span class=\"screen-reader-text\">Karriere<\/span><\/a><\/p>\n","protected":false},"author":2,"featured_media":0,"parent":0,"menu_order":0,"comment_status":"closed","ping_status":"closed","template":"page-templates\/template-pagebuilder-full-width.php","meta":{"_acf_changed":false,"neve_meta_sidebar":"","neve_meta_container":"","neve_meta_enable_content_width":"off","neve_meta_content_width":100,"neve_meta_title_alignment":"","neve_meta_author_avatar":"","neve_post_elements_order":"","neve_meta_disable_header":"","neve_meta_disable_footer":"","neve_meta_disable_title":"","footnotes":""},"class_list":["post-3585","page","type-page","status-publish","hentry"],"acf":[],"_links":{"self":[{"href":"https:\/\/starkom.si\/razvojno_okolje\/wp-json\/wp\/v2\/pages\/3585","targetHints":{"allow":["GET"]}}],"collection":[{"href":"https:\/\/starkom.si\/razvojno_okolje\/wp-json\/wp\/v2\/pages"}],"about":[{"href":"https:\/\/starkom.si\/razvojno_okolje\/wp-json\/wp\/v2\/types\/page"}],"author":[{"embeddable":true,"href":"https:\/\/starkom.si\/razvojno_okolje\/wp-json\/wp\/v2\/users\/2"}],"replies":[{"embeddable":true,"href":"https:\/\/starkom.si\/razvojno_okolje\/wp-json\/wp\/v2\/comments?post=3585"}],"version-history":[{"count":8,"href":"https:\/\/starkom.si\/razvojno_okolje\/wp-json\/wp\/v2\/pages\/3585\/revisions"}],"predecessor-version":[{"id":3975,"href":"https:\/\/starkom.si\/razvojno_okolje\/wp-json\/wp\/v2\/pages\/3585\/revisions\/3975"}],"wp:attachment":[{"href":"https:\/\/starkom.si\/razvojno_okolje\/wp-json\/wp\/v2\/media?parent=3585"}],"curies":[{"name":"wp","href":"https:\/\/api.w.org\/{rel}","templated":true}]}}