{"id":3645,"date":"2025-03-07T11:43:28","date_gmt":"2025-03-07T11:43:28","guid":{"rendered":"https:\/\/starkom.si\/razvojno_okolje\/?page_id=3645"},"modified":"2025-04-18T19:40:24","modified_gmt":"2025-04-18T19:40:24","slug":"umweltpolitik","status":"publish","type":"page","link":"https:\/\/starkom.si\/razvojno_okolje\/de\/umweltpolitik\/","title":{"rendered":"Umweltpolitik"},"content":{"rendered":"\t\t<div data-elementor-type=\"wp-page\" data-elementor-id=\"3645\" class=\"elementor elementor-3645\" data-elementor-post-type=\"page\">\n\t\t\t\t<div class=\"elementor-element elementor-element-bb566a9 e-flex e-con-boxed e-con e-parent\" data-id=\"bb566a9\" data-element_type=\"container\" data-e-type=\"container\" data-settings=\"{&quot;background_background&quot;:&quot;classic&quot;}\">\n\t\t\t\t\t<div class=\"e-con-inner\">\n\t\t\t\t<div class=\"elementor-element elementor-element-868f08a elementor-widget elementor-widget-heading\" data-id=\"868f08a\" data-element_type=\"widget\" data-e-type=\"widget\" data-widget_type=\"heading.default\">\n\t\t\t\t<div class=\"elementor-widget-container\">\n\t\t\t\t\t<h2 class=\"elementor-heading-title elementor-size-default\">Umweltpolitik<\/h2>\t\t\t\t<\/div>\n\t\t\t\t<\/div>\n\t\t\t\t<div class=\"elementor-element elementor-element-2866308 elementor-widget elementor-widget-text-editor\" data-id=\"2866308\" data-element_type=\"widget\" data-e-type=\"widget\" data-widget_type=\"text-editor.default\">\n\t\t\t\t<div class=\"elementor-widget-container\">\n\t\t\t\t\t\t\t\t\t<p>Der Umweltschutz mit besonderer Beachtung der st\u00e4ndigen Verbesserung der Umwelt- und Energieeffekte ist gezielt und in die langfristige Strategie unseres Unternehmens integriert. Wir beachten die gesetzlichen Bestimmungen und Verpflichtungen folgerichtig.<\/p><p>Im Geiste der nachhaltigen Entwicklung f\u00fchlen wir uns immer verpflichtet unsere Umweltziele unabl\u00e4ssig weiterzuentwickeln und zu verbessern. So reduzieren wir die die Umweltbelastung. Die Ziele unserer Entwicklungs- und Produktionsstrategie ist auf die direkte Suche nach umweltfreundlichen und gesamtenergieeffizienten Produkten und Zwischenprodukten ausgerichtet.<\/p><p>Die Bem\u00fchungen jedes einzelnen Mitarbeiters unterst\u00fctzt diese Strategie. Deswegen f\u00f6rdern wir das Bewusstsein jedes Mitarbeiters, dass die grundlegende Einheit des Unternehmens der Arbeitsplatz jedes einzelnen Mitarbeiters ist, wo auch ihr pers\u00f6nlicher Beitrag zur Erreichung dieser Ziele anf\u00e4ngt.<\/p><p>Als Teil der &#8220;Mercedes-Benz&#8221; Gesellschaft respektieren und vollziehen wir die &#8220;6 Umweltleitlinien&#8221; des Konzerns, in welchen das Wesen der Umweltpolitik unseres Unternehmens zusammengefasst ist:<\/p><p>1. Die kontinuierliche Verbesserung und Zukunftsorientierung.<\/p><p>2. Die Entwicklung umweltfreundlicher und gesamtenergieeffizienter Produkte und Zwischenprodukte.<\/p><p>3. Die Gestaltung umweltfreundlicher Technologien in allen Phasen der Produktion.<\/p><p>4. Einen umweltfreundlichen Service f\u00fcr unsere Kunden anzubieten.<\/p><p>5. Das Streben nach vorbildlichen Umweltzielen.<\/p><p>6. Die direkte und offene Benachrichtigung unserer Mitarbeiter und der \u00d6ffentlichkeit \u00fcber Aktivit\u00e4ten im Bereich des Umweltschutzes.<\/p>\t\t\t\t\t\t\t\t<\/div>\n\t\t\t\t<\/div>\n\t\t\t\t\t<\/div>\n\t\t\t\t<\/div>\n\t\t\t\t<\/div>\n\t\t","protected":false},"excerpt":{"rendered":"<p>Umweltpolitik Der Umweltschutz mit besonderer Beachtung der st\u00e4ndigen Verbesserung der Umwelt- und Energieeffekte ist gezielt und in die langfristige Strategie unseres Unternehmens integriert. Wir beachten die gesetzlichen Bestimmungen und Verpflichtungen folgerichtig. Im Geiste der nachhaltigen Entwicklung f\u00fchlen wir uns immer verpflichtet unsere Umweltziele unabl\u00e4ssig weiterzuentwickeln und zu verbessern. So reduzieren wir die die Umweltbelastung. Die&hellip;&nbsp;<a href=\"https:\/\/starkom.si\/razvojno_okolje\/de\/umweltpolitik\/\" rel=\"bookmark\">Preberi ve\u010d &raquo;<span class=\"screen-reader-text\">Umweltpolitik<\/span><\/a><\/p>\n","protected":false},"author":2,"featured_media":0,"parent":0,"menu_order":0,"comment_status":"closed","ping_status":"closed","template":"page-templates\/template-pagebuilder-full-width.php","meta":{"_acf_changed":false,"neve_meta_sidebar":"","neve_meta_container":"","neve_meta_enable_content_width":"off","neve_meta_content_width":100,"neve_meta_title_alignment":"","neve_meta_author_avatar":"","neve_post_elements_order":"","neve_meta_disable_header":"","neve_meta_disable_footer":"","neve_meta_disable_title":"","footnotes":""},"class_list":["post-3645","page","type-page","status-publish","hentry"],"acf":[],"_links":{"self":[{"href":"https:\/\/starkom.si\/razvojno_okolje\/wp-json\/wp\/v2\/pages\/3645","targetHints":{"allow":["GET"]}}],"collection":[{"href":"https:\/\/starkom.si\/razvojno_okolje\/wp-json\/wp\/v2\/pages"}],"about":[{"href":"https:\/\/starkom.si\/razvojno_okolje\/wp-json\/wp\/v2\/types\/page"}],"author":[{"embeddable":true,"href":"https:\/\/starkom.si\/razvojno_okolje\/wp-json\/wp\/v2\/users\/2"}],"replies":[{"embeddable":true,"href":"https:\/\/starkom.si\/razvojno_okolje\/wp-json\/wp\/v2\/comments?post=3645"}],"version-history":[{"count":4,"href":"https:\/\/starkom.si\/razvojno_okolje\/wp-json\/wp\/v2\/pages\/3645\/revisions"}],"predecessor-version":[{"id":3724,"href":"https:\/\/starkom.si\/razvojno_okolje\/wp-json\/wp\/v2\/pages\/3645\/revisions\/3724"}],"wp:attachment":[{"href":"https:\/\/starkom.si\/razvojno_okolje\/wp-json\/wp\/v2\/media?parent=3645"}],"curies":[{"name":"wp","href":"https:\/\/api.w.org\/{rel}","templated":true}]}}